
{"id":65,"date":"2014-08-25T14:08:41","date_gmt":"2014-08-25T14:08:41","guid":{"rendered":"http:\/\/192.168.1.104\/enfold-photography\/?page_id=2"},"modified":"2023-11-18T12:22:13","modified_gmt":"2023-11-18T15:22:13","slug":"frontpage","status":"publish","type":"page","link":"https:\/\/cmq.paramosoftware.com.br\/index.php\/","title":{"rendered":"In\u00edcio"},"content":{"rendered":"<div id='av_section_1'  class='avia-section main_color avia-section-default avia-no-border-styling  avia-bg-style-scroll  avia-builder-el-0  avia-builder-el-no-sibling   container_wrap fullsize' style='background-color: #b6181d; background-repeat: no-repeat; background-image: url(https:\/\/cmq.paramosoftware.com.br\/wp-content\/uploads\/2020\/09\/banner.jpg);background-attachment: scroll; background-position: top left;  '  data-section-bg-repeat='no-repeat'><div class='container' ><main  role=\"main\" itemprop=\"mainContentOfPage\"  class='template-page content  av-content-full alpha units'><div class='post-entry post-entry-type-page post-entry-65'><div class='entry-content-wrapper clearfix'>\n<div class='flex_column_table av-equal-height-column-flextable -flextable' ><div class=\"flex_column av_one_half  av-animated-generic left-to-right  flex_column_table_cell av-equal-height-column av-align-top av-zero-column-padding first  avia-builder-el-1  el_before_av_one_fourth  avia-builder-el-first  \" style='border-radius:0px; '><section class=\"av_textblock_section \"  itemscope=\"itemscope\" itemtype=\"https:\/\/schema.org\/CreativeWork\" ><div class='avia_textblock  av_inherit_color '  style='font-size:25px; color:#ffffff; '  itemprop=\"text\" ><h2 style=\"text-align: right;\">FIRMEZA PERMANENTE<\/h2>\n<h3 style=\"text-align: right;\">Perus um bairro de <strong>luta <\/strong>e<br \/>\n<strong>mem\u00f3ria<\/strong><\/h3>\n<p>&#8211;<\/p>\n<\/div><\/section><\/div><div class='av-flex-placeholder'><\/div><div class=\"flex_column av_one_fourth  av-animated-generic right-to-left  flex_column_table_cell av-equal-height-column av-align-top   avia-builder-el-3  el_after_av_one_half  el_before_av_one_fifth  \" style='background: #080707; padding:20px; background-color:#080707; border-radius:0px; '><section class=\"av_textblock_section \"  itemscope=\"itemscope\" itemtype=\"https:\/\/schema.org\/CreativeWork\" ><div class='avia_textblock  av_inherit_color '  style='font-size:20px; color:#ffffff; '  itemprop=\"text\" ><h4 style=\"text-align: left;\">Acervo<br \/>\nde mem\u00f3ria<br \/>\ne preserva\u00e7\u00e3o<\/h4>\n<\/div><\/section><br \/>\n<div  style='height:20px' class='hr hr-invisible   avia-builder-el-5  el_after_av_textblock  el_before_av_button_big  avia-builder-el-last '><span class='hr-inner ' ><span class='hr-inner-style'><\/span><\/span><\/div><br \/>\n<div  class='avia-button-wrap avia-button-center  avia-builder-el-6  el_after_av_hr  avia-builder-el-last ' ><a href='https:\/\/cmqueixadas.com.br\/colecoes\/' class='avia-button avia-button-fullwidth   avia-icon_select-no avia-color-custom ' target=\"_blank\" rel=\"noopener noreferrer\" style='color:#ffffff; background-color:#080707; '><span class='avia_iconbox_title' ><b>CONHE\u00c7A<\/b> MAIS<\/span><span class='avia_button_background avia-button avia-button-fullwidth avia-color-custom' style='background-color:#444444;'><\/span><\/a><\/div><\/p><\/div><div class='av-flex-placeholder'><\/div><div class=\"flex_column av_one_fifth  flex_column_table_cell av-equal-height-column av-align-top   avia-builder-el-7  el_after_av_one_fourth  el_before_av_hr  \" style='padding:20px; border-radius:0px; '><\/div><\/div><!--close column table wrapper. Autoclose: 1 --><div  style='height:30px' class='hr hr-invisible   avia-builder-el-8  el_after_av_one_fifth  el_before_av_blog '><span class='hr-inner ' ><span class='hr-inner-style'><\/span><\/span><\/div>\n<div   data-autoplay=''  data-interval='5'  data-animation='fade'  data-show_slide_delay='90'  class='avia-content-slider avia-content-grid-active avia-content-slider1 avia-content-slider-odd  avia-builder-el-9  el_after_av_hr  avia-builder-el-last  '  itemscope=\"itemscope\" itemtype=\"https:\/\/schema.org\/Blog\" ><div class='avia-content-slider-inner'><div class='slide-entry-wrap'><article class='slide-entry flex_column  post-entry post-entry-46450 slide-entry-overview slide-loop-1 slide-parity-odd  av_one_third first real-thumbnail post-format-standard'  itemscope=\"itemscope\" itemtype=\"https:\/\/schema.org\/CreativeWork\" ><a href='https:\/\/cmq.paramosoftware.com.br\/index.php\/gigante-das-ruaz\/' data-rel='slide-1' class='slide-image' title='Gigantes das Ruaz: Festival de Graffiti Transforma a Cohab Perus'><img loading=\"lazy\" decoding=\"async\" width=\"495\" height=\"400\" src=\"https:\/\/cmq.paramosoftware.com.br\/wp-content\/uploads\/2024\/11\/WhatsApp-Image-2024-11-07-at-16.47.52-495x400.jpeg\" class=\"wp-image-46451 avia-img-lazy-loading-46451 attachment-portfolio size-portfolio wp-post-image\" alt=\"\" srcset=\"https:\/\/cmq.paramosoftware.com.br\/wp-content\/uploads\/2024\/11\/WhatsApp-Image-2024-11-07-at-16.47.52-495x400.jpeg 495w, https:\/\/cmq.paramosoftware.com.br\/wp-content\/uploads\/2024\/11\/WhatsApp-Image-2024-11-07-at-16.47.52-845x684.jpeg 845w\" sizes=\"auto, (max-width: 495px) 100vw, 495px\" \/><\/a><div class='slide-content'><header class=\"entry-content-header\"><h3 class='slide-entry-title entry-title '  itemprop=\"headline\" ><a href='https:\/\/cmq.paramosoftware.com.br\/index.php\/gigante-das-ruaz\/' title='Gigantes das Ruaz: Festival de Graffiti Transforma a Cohab Perus'>Gigantes das Ruaz: Festival de Graffiti Transforma a Cohab Perus<\/a><\/h3><span class=\"av-vertical-delimiter\"><\/span><\/header><div class='slide-meta'><div class='slide-meta-comments'><a href='https:\/\/cmq.paramosoftware.com.br\/index.php\/gigante-das-ruaz\/#respond'>0 Coment\u00e1rios<\/a><\/div><div class='slide-meta-del'>\/<\/div><time class='slide-meta-time updated'  itemprop=\"datePublished\" datetime=\"2024-11-12T00:51:24-03:00\" >12\/11\/2024<\/time><\/div><div class='slide-entry-excerpt entry-content'  itemprop=\"text\" ><div class=\"read-more-link\"><a href=\"https:\/\/cmq.paramosoftware.com.br\/index.php\/gigante-das-ruaz\/\" class=\"more-link\">Leia mais<span class=\"more-link-arrow\"><\/span><\/a><\/div><\/div><\/div><footer class=\"entry-footer\"><\/footer><span class='hidden'>\n\t\t\t\t<span class='av-structured-data'  itemprop=\"image\" itemscope=\"itemscope\" itemtype=\"https:\/\/schema.org\/ImageObject\" >\n\t\t\t\t\t\t<span itemprop='url'>https:\/\/cmq.paramosoftware.com.br\/wp-content\/uploads\/2024\/11\/WhatsApp-Image-2024-11-07-at-16.47.52.jpeg<\/span>\n\t\t\t\t\t\t<span itemprop='height'>1538<\/span>\n\t\t\t\t\t\t<span itemprop='width'>1170<\/span>\n\t\t\t\t<\/span>\n\t\t\t\t<span class='av-structured-data'  itemprop=\"publisher\" itemtype=\"https:\/\/schema.org\/Organization\" itemscope=\"itemscope\" >\n\t\t\t\t\t\t<span itemprop='name'>Sheila Moreira<\/span>\n\t\t\t\t\t\t<span itemprop='logo' itemscope itemtype='https:\/\/schema.org\/ImageObject'>\n\t\t\t\t\t\t\t<span itemprop='url'>https:\/\/cmqueixadas.com.br\/wp-content\/uploads\/2020\/09\/logo-1-288x300.png<\/span>\n\t\t\t\t\t\t <\/span>\n\t\t\t\t<\/span><span class='av-structured-data'  itemprop=\"author\" itemscope=\"itemscope\" itemtype=\"https:\/\/schema.org\/Person\" ><span itemprop='name'>Sheila Moreira<\/span><\/span><span class='av-structured-data'  itemprop=\"datePublished\" datetime=\"2014-08-25T14:08:41-03:00\" >2024-11-12 00:51:24<\/span><span class='av-structured-data'  itemprop=\"dateModified\" itemtype=\"https:\/\/schema.org\/dateModified\" >2024-11-12 00:51:52<\/span><span class='av-structured-data'  itemprop=\"mainEntityOfPage\" itemtype=\"https:\/\/schema.org\/mainEntityOfPage\" ><span itemprop='name'>Gigantes das Ruaz: Festival de Graffiti Transforma a Cohab Perus<\/span><\/span><\/span><\/article><article class='slide-entry flex_column  post-entry post-entry-46443 slide-entry-overview slide-loop-2 slide-parity-even  av_one_third  real-thumbnail post-format-standard'  itemscope=\"itemscope\" itemtype=\"https:\/\/schema.org\/CreativeWork\" ><a href='https:\/\/cmq.paramosoftware.com.br\/index.php\/oficina-organizacao-de-arquivo\/' data-rel='slide-1' class='slide-image' title='Oficina online e gratuita de Organiza\u00e7\u00e3o de Arquivos'><img loading=\"lazy\" decoding=\"async\" width=\"495\" height=\"400\" src=\"https:\/\/cmq.paramosoftware.com.br\/wp-content\/uploads\/2024\/11\/pexels-anete-lusina-4792285-495x400.jpg\" class=\"wp-image-46449 avia-img-lazy-loading-46449 attachment-portfolio size-portfolio wp-post-image\" alt=\"\" srcset=\"https:\/\/cmq.paramosoftware.com.br\/wp-content\/uploads\/2024\/11\/pexels-anete-lusina-4792285-495x400.jpg 495w, https:\/\/cmq.paramosoftware.com.br\/wp-content\/uploads\/2024\/11\/pexels-anete-lusina-4792285-845x684.jpg 845w\" sizes=\"auto, (max-width: 495px) 100vw, 495px\" \/><\/a><div class='slide-content'><header class=\"entry-content-header\"><h3 class='slide-entry-title entry-title '  itemprop=\"headline\" ><a href='https:\/\/cmq.paramosoftware.com.br\/index.php\/oficina-organizacao-de-arquivo\/' title='Oficina online e gratuita de Organiza\u00e7\u00e3o de Arquivos'>Oficina online e gratuita de Organiza\u00e7\u00e3o de Arquivos<\/a><\/h3><span class=\"av-vertical-delimiter\"><\/span><\/header><div class='slide-meta'><div class='slide-meta-comments'><a href='https:\/\/cmq.paramosoftware.com.br\/index.php\/oficina-organizacao-de-arquivo\/#respond'>0 Coment\u00e1rios<\/a><\/div><div class='slide-meta-del'>\/<\/div><time class='slide-meta-time updated'  itemprop=\"datePublished\" datetime=\"2024-11-12T00:02:51-03:00\" >12\/11\/2024<\/time><\/div><div class='slide-entry-excerpt entry-content'  itemprop=\"text\" ><div class=\"read-more-link\"><a href=\"https:\/\/cmq.paramosoftware.com.br\/index.php\/oficina-organizacao-de-arquivo\/\" class=\"more-link\">Leia mais<span class=\"more-link-arrow\"><\/span><\/a><\/div><\/div><\/div><footer class=\"entry-footer\"><\/footer><span class='hidden'>\n\t\t\t\t<span class='av-structured-data'  itemprop=\"image\" itemscope=\"itemscope\" itemtype=\"https:\/\/schema.org\/ImageObject\" >\n\t\t\t\t\t\t<span itemprop='url'>https:\/\/cmq.paramosoftware.com.br\/wp-content\/uploads\/2024\/11\/pexels-anete-lusina-4792285-scaled.jpg<\/span>\n\t\t\t\t\t\t<span itemprop='height'>1709<\/span>\n\t\t\t\t\t\t<span itemprop='width'>2560<\/span>\n\t\t\t\t<\/span>\n\t\t\t\t<span class='av-structured-data'  itemprop=\"publisher\" itemtype=\"https:\/\/schema.org\/Organization\" itemscope=\"itemscope\" >\n\t\t\t\t\t\t<span itemprop='name'>Sheila Moreira<\/span>\n\t\t\t\t\t\t<span itemprop='logo' itemscope itemtype='https:\/\/schema.org\/ImageObject'>\n\t\t\t\t\t\t\t<span itemprop='url'>https:\/\/cmqueixadas.com.br\/wp-content\/uploads\/2020\/09\/logo-1-288x300.png<\/span>\n\t\t\t\t\t\t <\/span>\n\t\t\t\t<\/span><span class='av-structured-data'  itemprop=\"author\" itemscope=\"itemscope\" itemtype=\"https:\/\/schema.org\/Person\" ><span itemprop='name'>Sheila Moreira<\/span><\/span><span class='av-structured-data'  itemprop=\"datePublished\" datetime=\"2014-08-25T14:08:41-03:00\" >2024-11-12 00:02:51<\/span><span class='av-structured-data'  itemprop=\"dateModified\" itemtype=\"https:\/\/schema.org\/dateModified\" >2024-11-12 17:18:35<\/span><span class='av-structured-data'  itemprop=\"mainEntityOfPage\" itemtype=\"https:\/\/schema.org\/mainEntityOfPage\" ><span itemprop='name'>Oficina online e gratuita de Organiza\u00e7\u00e3o de Arquivos<\/span><\/span><\/span><\/article><article class='slide-entry flex_column  post-entry post-entry-42589 slide-entry-overview slide-loop-3 slide-parity-odd  post-entry-last  av_one_third  real-thumbnail post-format-standard'  itemscope=\"itemscope\" itemtype=\"https:\/\/schema.org\/CreativeWork\" ><a href='https:\/\/cmq.paramosoftware.com.br\/index.php\/centro-de-memoria-queixadas-lanca-plano-museologico\/' data-rel='slide-1' class='slide-image' title='Centro de Mem\u00f3ria Queixadas lan\u00e7a Plano Museol\u00f3gico'><img loading=\"lazy\" decoding=\"async\" width=\"495\" height=\"400\" src=\"https:\/\/cmq.paramosoftware.com.br\/wp-content\/uploads\/2024\/03\/Instagram_Lancamento-Plano-Museologico-2-495x400.png\" class=\"wp-image-42593 avia-img-lazy-loading-42593 attachment-portfolio size-portfolio wp-post-image\" alt=\"\" srcset=\"https:\/\/cmq.paramosoftware.com.br\/wp-content\/uploads\/2024\/03\/Instagram_Lancamento-Plano-Museologico-2-495x400.png 495w, https:\/\/cmq.paramosoftware.com.br\/wp-content\/uploads\/2024\/03\/Instagram_Lancamento-Plano-Museologico-2-845x684.png 845w\" sizes=\"auto, (max-width: 495px) 100vw, 495px\" \/><\/a><div class='slide-content'><header class=\"entry-content-header\"><h3 class='slide-entry-title entry-title '  itemprop=\"headline\" ><a href='https:\/\/cmq.paramosoftware.com.br\/index.php\/centro-de-memoria-queixadas-lanca-plano-museologico\/' title='Centro de Mem\u00f3ria Queixadas lan\u00e7a Plano Museol\u00f3gico'>Centro de Mem\u00f3ria Queixadas lan\u00e7a Plano Museol\u00f3gico<\/a><\/h3><span class=\"av-vertical-delimiter\"><\/span><\/header><div class='slide-meta'><div class='slide-meta-comments'><a href='https:\/\/cmq.paramosoftware.com.br\/index.php\/centro-de-memoria-queixadas-lanca-plano-museologico\/#respond'>0 Coment\u00e1rios<\/a><\/div><div class='slide-meta-del'>\/<\/div><time class='slide-meta-time updated'  itemprop=\"datePublished\" datetime=\"2024-03-05T12:01:31-03:00\" >05\/03\/2024<\/time><\/div><div class='slide-entry-excerpt entry-content'  itemprop=\"text\" ><div class=\"read-more-link\"><a href=\"https:\/\/cmq.paramosoftware.com.br\/index.php\/centro-de-memoria-queixadas-lanca-plano-museologico\/\" class=\"more-link\">Leia mais<span class=\"more-link-arrow\"><\/span><\/a><\/div><\/div><\/div><footer class=\"entry-footer\"><\/footer><span class='hidden'>\n\t\t\t\t<span class='av-structured-data'  itemprop=\"image\" itemscope=\"itemscope\" itemtype=\"https:\/\/schema.org\/ImageObject\" >\n\t\t\t\t\t\t<span itemprop='url'>https:\/\/cmq.paramosoftware.com.br\/wp-content\/uploads\/2024\/03\/Instagram_Lancamento-Plano-Museologico-2.png<\/span>\n\t\t\t\t\t\t<span itemprop='height'>1080<\/span>\n\t\t\t\t\t\t<span itemprop='width'>1080<\/span>\n\t\t\t\t<\/span>\n\t\t\t\t<span class='av-structured-data'  itemprop=\"publisher\" itemtype=\"https:\/\/schema.org\/Organization\" itemscope=\"itemscope\" >\n\t\t\t\t\t\t<span itemprop='name'>Sheila Moreira<\/span>\n\t\t\t\t\t\t<span itemprop='logo' itemscope itemtype='https:\/\/schema.org\/ImageObject'>\n\t\t\t\t\t\t\t<span itemprop='url'>https:\/\/cmqueixadas.com.br\/wp-content\/uploads\/2020\/09\/logo-1-288x300.png<\/span>\n\t\t\t\t\t\t <\/span>\n\t\t\t\t<\/span><span class='av-structured-data'  itemprop=\"author\" itemscope=\"itemscope\" itemtype=\"https:\/\/schema.org\/Person\" ><span itemprop='name'>Sheila Moreira<\/span><\/span><span class='av-structured-data'  itemprop=\"datePublished\" datetime=\"2014-08-25T14:08:41-03:00\" >2024-03-05 12:01:31<\/span><span class='av-structured-data'  itemprop=\"dateModified\" itemtype=\"https:\/\/schema.org\/dateModified\" >2024-06-27 15:57:11<\/span><span class='av-structured-data'  itemprop=\"mainEntityOfPage\" itemtype=\"https:\/\/schema.org\/mainEntityOfPage\" ><span itemprop='name'>Centro de Mem\u00f3ria Queixadas lan\u00e7a Plano Museol\u00f3gico<\/span><\/span><\/span><\/article><\/div><\/div><div class='pagination-wrap pagination-slider'><nav class='pagination'><span class='pagination-meta'>P\u00e1gina 1 de 17<\/span><span class='current'>1<\/span><a href='https:\/\/cmq.paramosoftware.com.br\/index.php\/wp-json\/wp\/v2\/pages\/65\/page\/2\/' class='inactive next_page' >2<\/a><a href='https:\/\/cmq.paramosoftware.com.br\/index.php\/wp-json\/wp\/v2\/pages\/65\/page\/3\/' class='inactive' >3<\/a><a href='https:\/\/cmq.paramosoftware.com.br\/index.php\/wp-json\/wp\/v2\/pages\/65\/page\/2\/'>&rsaquo;<\/a><a href='https:\/\/cmq.paramosoftware.com.br\/index.php\/wp-json\/wp\/v2\/pages\/65\/page\/17\/'>&raquo;<\/a><\/nav>\n<\/div><\/div>\n\n","protected":false},"excerpt":{"rendered":"","protected":false},"author":1,"featured_media":0,"parent":0,"menu_order":0,"comment_status":"open","ping_status":"open","template":"","meta":{"footnotes":""},"tnc_tax_46680":[],"tnc_tax_21459":[],"tnc_tax_12823":[],"tnc_tax_12556":[],"tnc_tax_12451":[],"tnc_tax_12418":[],"tnc_tax_568":[],"class_list":["post-65","page","type-page","status-publish","hentry"],"yoast_head":"<!-- This site is optimized with the Yoast SEO plugin v24.3 - https:\/\/yoast.com\/wordpress\/plugins\/seo\/ -->\n<title>In\u00edcio - CMQueixadas<\/title>\n<meta name=\"description\" content=\"FIRMEZA PERMANENTE Perus um bairro de luta e mem\u00f3ria\" \/>\n<meta name=\"robots\" content=\"index, follow, max-snippet:-1, max-image-preview:large, max-video-preview:-1\" \/>\n<link rel=\"canonical\" href=\"https:\/\/cmq.paramosoftware.com.br\/index.php\/\" \/>\n<meta property=\"og:locale\" content=\"pt_BR\" \/>\n<meta property=\"og:type\" content=\"article\" \/>\n<meta property=\"og:title\" content=\"In\u00edcio - CMQueixadas\" \/>\n<meta property=\"og:description\" content=\"FIRMEZA PERMANENTE Perus um bairro de luta e mem\u00f3ria\" \/>\n<meta property=\"og:url\" content=\"https:\/\/cmq.paramosoftware.com.br\/index.php\/\" \/>\n<meta property=\"og:site_name\" content=\"CMQueixadas\" \/>\n<meta property=\"article:modified_time\" content=\"2023-11-18T15:22:13+00:00\" \/>\n<meta name=\"twitter:card\" content=\"summary_large_image\" \/>\n<meta name=\"twitter:label1\" content=\"Est. tempo de leitura\" \/>\n\t<meta name=\"twitter:data1\" content=\"2 minutos\" \/>\n<script type=\"application\/ld+json\" class=\"yoast-schema-graph\">{\"@context\":\"https:\/\/schema.org\",\"@graph\":[{\"@type\":\"WebPage\",\"@id\":\"https:\/\/cmq.paramosoftware.com.br\/index.php\/\",\"url\":\"https:\/\/cmq.paramosoftware.com.br\/index.php\/\",\"name\":\"In\u00edcio - CMQueixadas\",\"isPartOf\":{\"@id\":\"https:\/\/cmq.paramosoftware.com.br\/index.php\/#website\"},\"datePublished\":\"2014-08-25T14:08:41+00:00\",\"dateModified\":\"2023-11-18T15:22:13+00:00\",\"description\":\"FIRMEZA PERMANENTE Perus um bairro de luta e mem\u00f3ria\",\"breadcrumb\":{\"@id\":\"https:\/\/cmq.paramosoftware.com.br\/index.php\/#breadcrumb\"},\"inLanguage\":\"pt-BR\",\"potentialAction\":[{\"@type\":\"ReadAction\",\"target\":[\"https:\/\/cmq.paramosoftware.com.br\/index.php\/\"]}]},{\"@type\":\"BreadcrumbList\",\"@id\":\"https:\/\/cmq.paramosoftware.com.br\/index.php\/#breadcrumb\",\"itemListElement\":[{\"@type\":\"ListItem\",\"position\":1,\"name\":\"In\u00edcio\",\"item\":\"https:\/\/cmq.paramosoftware.com.br\/index.php\/\"},{\"@type\":\"ListItem\",\"position\":2,\"name\":\"In\u00edcio\"}]},{\"@type\":\"WebSite\",\"@id\":\"https:\/\/cmq.paramosoftware.com.br\/index.php\/#website\",\"url\":\"https:\/\/cmq.paramosoftware.com.br\/index.php\/\",\"name\":\"CMQueixadas\",\"description\":\"Um movimento de luta e resist\u00eancia pol\u00edtica\",\"potentialAction\":[{\"@type\":\"SearchAction\",\"target\":{\"@type\":\"EntryPoint\",\"urlTemplate\":\"https:\/\/cmq.paramosoftware.com.br\/index.php\/?s={search_term_string}\"},\"query-input\":{\"@type\":\"PropertyValueSpecification\",\"valueRequired\":true,\"valueName\":\"search_term_string\"}}],\"inLanguage\":\"pt-BR\"}]}<\/script>\n<!-- \/ Yoast SEO plugin. -->","yoast_head_json":{"title":"In\u00edcio - CMQueixadas","description":"FIRMEZA PERMANENTE Perus um bairro de luta e mem\u00f3ria","robots":{"index":"index","follow":"follow","max-snippet":"max-snippet:-1","max-image-preview":"max-image-preview:large","max-video-preview":"max-video-preview:-1"},"canonical":"https:\/\/cmq.paramosoftware.com.br\/index.php\/","og_locale":"pt_BR","og_type":"article","og_title":"In\u00edcio - CMQueixadas","og_description":"FIRMEZA PERMANENTE Perus um bairro de luta e mem\u00f3ria","og_url":"https:\/\/cmq.paramosoftware.com.br\/index.php\/","og_site_name":"CMQueixadas","article_modified_time":"2023-11-18T15:22:13+00:00","twitter_card":"summary_large_image","twitter_misc":{"Est. tempo de leitura":"2 minutos"},"schema":{"@context":"https:\/\/schema.org","@graph":[{"@type":"WebPage","@id":"https:\/\/cmq.paramosoftware.com.br\/index.php\/","url":"https:\/\/cmq.paramosoftware.com.br\/index.php\/","name":"In\u00edcio - CMQueixadas","isPartOf":{"@id":"https:\/\/cmq.paramosoftware.com.br\/index.php\/#website"},"datePublished":"2014-08-25T14:08:41+00:00","dateModified":"2023-11-18T15:22:13+00:00","description":"FIRMEZA PERMANENTE Perus um bairro de luta e mem\u00f3ria","breadcrumb":{"@id":"https:\/\/cmq.paramosoftware.com.br\/index.php\/#breadcrumb"},"inLanguage":"pt-BR","potentialAction":[{"@type":"ReadAction","target":["https:\/\/cmq.paramosoftware.com.br\/index.php\/"]}]},{"@type":"BreadcrumbList","@id":"https:\/\/cmq.paramosoftware.com.br\/index.php\/#breadcrumb","itemListElement":[{"@type":"ListItem","position":1,"name":"In\u00edcio","item":"https:\/\/cmq.paramosoftware.com.br\/index.php\/"},{"@type":"ListItem","position":2,"name":"In\u00edcio"}]},{"@type":"WebSite","@id":"https:\/\/cmq.paramosoftware.com.br\/index.php\/#website","url":"https:\/\/cmq.paramosoftware.com.br\/index.php\/","name":"CMQueixadas","description":"Um movimento de luta e resist\u00eancia pol\u00edtica","potentialAction":[{"@type":"SearchAction","target":{"@type":"EntryPoint","urlTemplate":"https:\/\/cmq.paramosoftware.com.br\/index.php\/?s={search_term_string}"},"query-input":{"@type":"PropertyValueSpecification","valueRequired":true,"valueName":"search_term_string"}}],"inLanguage":"pt-BR"}]}},"jetpack_sharing_enabled":true,"_links":{"self":[{"href":"https:\/\/cmq.paramosoftware.com.br\/index.php\/wp-json\/wp\/v2\/pages\/65","targetHints":{"allow":["GET"]}}],"collection":[{"href":"https:\/\/cmq.paramosoftware.com.br\/index.php\/wp-json\/wp\/v2\/pages"}],"about":[{"href":"https:\/\/cmq.paramosoftware.com.br\/index.php\/wp-json\/wp\/v2\/types\/page"}],"author":[{"embeddable":true,"href":"https:\/\/cmq.paramosoftware.com.br\/index.php\/wp-json\/wp\/v2\/users\/1"}],"replies":[{"embeddable":true,"href":"https:\/\/cmq.paramosoftware.com.br\/index.php\/wp-json\/wp\/v2\/comments?post=65"}],"version-history":[{"count":47,"href":"https:\/\/cmq.paramosoftware.com.br\/index.php\/wp-json\/wp\/v2\/pages\/65\/revisions"}],"predecessor-version":[{"id":42239,"href":"https:\/\/cmq.paramosoftware.com.br\/index.php\/wp-json\/wp\/v2\/pages\/65\/revisions\/42239"}],"wp:attachment":[{"href":"https:\/\/cmq.paramosoftware.com.br\/index.php\/wp-json\/wp\/v2\/media?parent=65"}],"wp:term":[{"taxonomy":"tnc_tax_46680","embeddable":true,"href":"https:\/\/cmq.paramosoftware.com.br\/index.php\/wp-json\/wp\/v2\/tnc_tax_46680?post=65"},{"taxonomy":"tnc_tax_21459","embeddable":true,"href":"https:\/\/cmq.paramosoftware.com.br\/index.php\/wp-json\/wp\/v2\/tnc_tax_21459?post=65"},{"taxonomy":"tnc_tax_12823","embeddable":true,"href":"https:\/\/cmq.paramosoftware.com.br\/index.php\/wp-json\/wp\/v2\/tnc_tax_12823?post=65"},{"taxonomy":"tnc_tax_12556","embeddable":true,"href":"https:\/\/cmq.paramosoftware.com.br\/index.php\/wp-json\/wp\/v2\/tnc_tax_12556?post=65"},{"taxonomy":"tnc_tax_12451","embeddable":true,"href":"https:\/\/cmq.paramosoftware.com.br\/index.php\/wp-json\/wp\/v2\/tnc_tax_12451?post=65"},{"taxonomy":"tnc_tax_12418","embeddable":true,"href":"https:\/\/cmq.paramosoftware.com.br\/index.php\/wp-json\/wp\/v2\/tnc_tax_12418?post=65"},{"taxonomy":"tnc_tax_568","embeddable":true,"href":"https:\/\/cmq.paramosoftware.com.br\/index.php\/wp-json\/wp\/v2\/tnc_tax_568?post=65"}],"curies":[{"name":"wp","href":"https:\/\/api.w.org\/{rel}","templated":true}]}}